{"id":1825,"date":"2022-05-16T14:26:10","date_gmt":"2022-05-16T12:26:10","guid":{"rendered":"https:\/\/dev.cerfalunettes.fr\/Pfeiv\/chinh-sach-bao-mat\/"},"modified":"2022-05-17T16:20:54","modified_gmt":"2022-05-17T14:20:54","slug":"chinh-sach-bao-mat","status":"publish","type":"page","link":"https:\/\/pfiev.org\/vi\/chinh-sach-bao-mat\/","title":{"rendered":"Th\u00f4ng b\u00e1o ph\u00e1p l\u00fd"},"content":{"rendered":"\t\t<div data-elementor-type=\"wp-page\" data-elementor-id=\"1825\" class=\"elementor elementor-1825 elementor-1822\" data-elementor-post-type=\"page\">\n\t\t\t\t\t\t<section class=\"elementor-section elementor-top-section elementor-element elementor-element-38bd8a27 elementor-section-boxed elementor-section-height-default elementor-section-height-default\" data-id=\"38bd8a27\" data-element_type=\"section\" data-e-type=\"section\" data-settings=\"{&quot;jet_parallax_layout_list&quot;:[{&quot;jet_parallax_layout_image&quot;:{&quot;url&quot;:&quot;&quot;,&quot;id&quot;:&quot;&quot;,&quot;size&quot;:&quot;&quot;},&quot;_id&quot;:&quot;b7d1ac3&quot;,&quot;jet_parallax_layout_image_tablet&quot;:{&quot;url&quot;:&quot;&quot;,&quot;id&quot;:&quot;&quot;,&quot;size&quot;:&quot;&quot;},&quot;jet_parallax_layout_image_mobile&quot;:{&quot;url&quot;:&quot;&quot;,&quot;id&quot;:&quot;&quot;,&quot;size&quot;:&quot;&quot;},&quot;jet_parallax_layout_speed&quot;:{&quot;unit&quot;:&quot;%&quot;,&quot;size&quot;:50,&quot;sizes&quot;:[]},&quot;jet_parallax_layout_type&quot;:&quot;scroll&quot;,&quot;jet_parallax_layout_direction&quot;:&quot;1&quot;,&quot;jet_parallax_layout_fx_direction&quot;:null,&quot;jet_parallax_layout_z_index&quot;:&quot;&quot;,&quot;jet_parallax_layout_bg_x&quot;:50,&quot;jet_parallax_layout_bg_x_tablet&quot;:&quot;&quot;,&quot;jet_parallax_layout_bg_x_mobile&quot;:&quot;&quot;,&quot;jet_parallax_layout_bg_y&quot;:50,&quot;jet_parallax_layout_bg_y_tablet&quot;:&quot;&quot;,&quot;jet_parallax_layout_bg_y_mobile&quot;:&quot;&quot;,&quot;jet_parallax_layout_bg_size&quot;:&quot;auto&quot;,&quot;jet_parallax_layout_bg_size_tablet&quot;:&quot;&quot;,&quot;jet_parallax_layout_bg_size_mobile&quot;:&quot;&quot;,&quot;jet_parallax_layout_animation_prop&quot;:&quot;transform&quot;,&quot;jet_parallax_layout_on&quot;:[&quot;desktop&quot;,&quot;tablet&quot;]}]}\">\n\t\t\t\t\t\t<div class=\"elementor-container elementor-column-gap-default\">\n\t\t\t\t\t<div class=\"elementor-column elementor-col-100 elementor-top-column elementor-element elementor-element-1b66275b\" data-id=\"1b66275b\" data-element_type=\"column\" data-e-type=\"column\">\n\t\t\t<div class=\"elementor-widget-wrap elementor-element-populated\">\n\t\t\t\t\t\t<div class=\"elementor-element elementor-element-3f173c6c elementor-widget elementor-widget-text-editor\" data-id=\"3f173c6c\" data-element_type=\"widget\" data-e-type=\"widget\" data-widget_type=\"text-editor.default\">\n\t\t\t\t<div class=\"elementor-widget-container\">\n\t\t\t\t\t\t\t\t\t<h1>Th\u00f4ng b\u00e1o ph\u00e1p l\u00fd<\/h1><p>Vui l\u00f2ng \u0111\u1ecdc k\u1ef9 c\u00e1c \u0111i\u1ec1u kho\u1ea3n s\u1eed d\u1ee5ng kh\u00e1c nhau c\u1ee7a trang web n\u00e0y tr\u01b0\u1edbc khi duy\u1ec7t c\u00e1c trang c\u1ee7a n\u00f3. B\u1eb1ng c\u00e1ch k\u1ebft n\u1ed1i v\u1edbi trang web n\u00e0y, b\u1ea1n ch\u1ea5p nh\u1eadn c\u00e1c \u0111i\u1ec1u kho\u1ea3n v\u00e0 \u0111i\u1ec1u ki\u1ec7n n\u00e0y m\u1ed9t c\u00e1ch ch\u1eafc ch\u1eafn. Ngo\u00e0i ra, theo \u0111i\u1ec1u kho\u1ea3n 6 c\u1ee7a Lu\u1eadt s\u1ed1 n\u0103m 2004-575 ng\u00e0y 21 th\u00e1ng 6 n\u0103m 2004 v\u1ec1 s\u1ef1 t\u1ef1 tin trong n\u1ec1n kinh t\u1ebf k\u1ef9 thu\u1eadt s\u1ed1, nh\u1eefng ng\u01b0\u1eddi qu\u1ea3n l\u00fd trang web <a href=\"https:\/\/pfiev.org\/\">dev.cerfalunettes.fr\/Pfeiv\/<\/a> n\u00e0y l\u00e0:<\/p><p style=\"color: #b51a00;\"><span style=\"color: #000000;\"><b>Bi\u00ean t\u1eadp trang: <\/b><\/span><\/p><p>T\u00ean: Ch\u01b0\u01a1ng tr\u00ecnh \u0111\u00e0o t\u1ea1o k\u1ef9 s\u01b0 xu\u1ea5t s\u1eafc Vi\u1ec7t Nam<br>46 Av. Felix Viallet, 38031 Grenoble<br>Email: contact@agencecerf.com<br>Trang web: <a href=\"https:\/\/pfiev.org\/\">dev.cerfalunettes.fr\/Pfeiv\/<\/a><\/p><p style=\"color: #b51a00;\"><b><span style=\"color: #000000;\">Ch\u1ed7 \u1edf:<\/span> <\/b><\/p><p>M\u00e1y ch\u1ee7: OVH<br>2 rue Kellermann &#8211; 59100 Roubaix &#8211; Ph\u00e1p<br>Trang web: <a href=\"http:\/\/www.ovhcloud.com\" target=\"_blank\" rel=\"noopener\">www.ovhcloud.com<\/a><\/p><p style=\"color: #b51a00;\"><span style=\"color: #000000;\"><b>Ph\u00e1t tri\u1ec3n<\/b> <b>:<\/b> <\/span><\/p><p>H\u01b0\u01a1u \u0111\u1eb9p<br>\u0110\u1ecba ch\u1ec9: 5 Rue des Arts et M\u00e9tiers, 38000 Grenoble<br>Trang web: <a href=\"http:\/\/creation-site-web-grenoble.fr\" target=\"_blank\" rel=\"noopener\">create-site-web-grenoble.fr<\/a><\/p><p style=\"color: #b51a00;\"><span style=\"color: #000000;\"><b>\u0110i\u1ec1u kho\u1ea3n s\u1eed d\u1ee5ng: <\/b><\/span><\/p><p>Trang web n\u00e0y ( <a href=\"https:\/\/pfiev.org\/\">dev.cerfalunettes.fr\/Pfeiv\/<\/a> ) \u0111\u01b0\u1ee3c cung c\u1ea5p b\u1eb1ng c\u00e1c ng\u00f4n ng\u1eef web kh\u00e1c nhau (HTML, HTML5, Javascript, CSS, v.v.) \u0111\u1ec3 ng\u01b0\u1eddi d\u00f9ng tho\u1ea3i m\u00e1i h\u01a1n v\u00e0 \u0111\u1ed3 h\u1ecda \u0111\u1eb9p h\u01a1n, ch\u00fang t\u00f4i khuy\u00ean b\u1ea1n n\u00ean s\u1eed d\u1ee5ng c\u00e1c tr\u00ecnh duy\u1ec7t hi\u1ec7n \u0111\u1ea1i nh\u01b0 Internet Explorer, Safari, Firefox, Google Chrome, v.v.<\/p><p><span style=\"color: #323333;\">Ch\u01b0\u01a1ng tr\u00ecnh \u0110\u00e0o t\u1ea1o K\u1ef9 s\u01b0 Xu\u1ea5t s\u1eafc t\u1ea1i Vi\u1ec7t Nam<b> <\/b><\/span>th\u1ef1c hi\u1ec7n t\u1ea5t c\u1ea3 c\u00e1c ph\u01b0\u01a1ng ti\u1ec7n theo \u00fd m\u00ecnh \u0111\u1ec3 \u0111\u1ea3m b\u1ea3o th\u00f4ng tin \u0111\u00e1ng tin c\u1eady v\u00e0 c\u1eadp nh\u1eadt \u0111\u00e1ng tin c\u1eady tr\u00ean c\u00e1c trang web c\u1ee7a m\u00ecnh. Tuy nhi\u00ean, l\u1ed7i ho\u1eb7c thi\u1ebfu s\u00f3t c\u00f3 th\u1ec3 x\u1ea3y ra. Do \u0111\u00f3, ng\u01b0\u1eddi d\u00f9ng Internet ph\u1ea3i \u0111\u1ea3m b\u1ea3o t\u00ednh ch\u00ednh x\u00e1c c\u1ee7a th\u00f4ng tin v\u00e0 b\u00e1o c\u00e1o b\u1ea5t k\u1ef3 thay \u0111\u1ed5i n\u00e0o \u0111\u1ed1i v\u1edbi trang web m\u00e0 h\u1ecd cho l\u00e0 h\u1eefu \u00edch. ho\u00e0n to\u00e0n kh\u00f4ng ch\u1ecbu tr\u00e1ch nhi\u1ec7m v\u1ec1 vi\u1ec7c s\u1eed d\u1ee5ng th\u00f4ng tin n\u00e0y v\u00e0 \u0111\u1ed1i v\u1edbi b\u1ea5t k\u1ef3 thi\u1ec7t h\u1ea1i tr\u1ef1c ti\u1ebfp ho\u1eb7c gi\u00e1n ti\u1ebfp n\u00e0o c\u00f3 th\u1ec3 g\u00e2y ra.<\/p><p><b>Cookie<\/b> : Trang web <a href=\"https:\/\/pfiev.org\/\">dev.cerfalunettes.fr\/Pfeiv\/<\/a> c\u00f3 th\u1ec3 y\u00eau c\u1ea7u b\u1ea1n ch\u1ea5p nh\u1eadn cookie cho c\u00e1c m\u1ee5c \u0111\u00edch th\u1ed1ng k\u00ea v\u00e0 hi\u1ec3n th\u1ecb. Cookie l\u00e0 th\u00f4ng tin \u0111\u01b0\u1ee3c \u0111\u1eb7t tr\u00ean \u1ed5 c\u1ee9ng c\u1ee7a b\u1ea1n b\u1edfi m\u00e1y ch\u1ee7 c\u1ee7a trang web b\u1ea1n \u0111ang truy c\u1eadp. N\u00f3 ch\u1ee9a m\u1ed9t s\u1ed1 ph\u1ea7n d\u1eef li\u1ec7u \u0111\u01b0\u1ee3c l\u01b0u tr\u1eef tr\u00ean m\u00e1y t\u00ednh c\u1ee7a b\u1ea1n trong m\u1ed9t t\u1ec7p v\u0103n b\u1ea3n \u0111\u01a1n gi\u1ea3n m\u00e0 m\u00e1y ch\u1ee7 truy c\u1eadp \u0111\u1ec3 \u0111\u1ecdc v\u00e0 l\u01b0u th\u00f4ng tin. M\u1ed9t s\u1ed1 ph\u1ea7n c\u1ee7a trang web n\u00e0y kh\u00f4ng th\u1ec3 ho\u1ea1t \u0111\u1ed9ng n\u1ebfu kh\u00f4ng c\u00f3 s\u1ef1 ch\u1ea5p nh\u1eadn c\u1ee7a cookie.<\/p><p><b>Li\u00ean k\u1ebft si\u00eau v\u0103n b\u1ea3n:<\/b> C\u00e1c trang web c\u1ee7a c\u00f3 th\u1ec3 cung c\u1ea5p c\u00e1c li\u00ean k\u1ebft \u0111\u1ebfn c\u00e1c trang web kh\u00e1c ho\u1eb7c c\u00e1c t\u00e0i nguy\u00ean kh\u00e1c c\u00f3 s\u1eb5n tr\u00ean Internet. Ch\u01b0\u01a1ng tr\u00ecnh \u0110\u00e0o t\u1ea1o K\u1ef9 s\u01b0 Xu\u1ea5t s\u1eafc t\u1ea1i Vi\u1ec7t Nam kh\u00f4ng c\u00f3 bi\u1ec7n ph\u00e1p n\u00e0o \u0111\u1ec3 ki\u1ec3m so\u00e1t c\u00e1c trang web li\u00ean quan \u0111\u1ebfn c\u00e1c trang web c\u1ee7a m\u00ecnh. kh\u00f4ng tr\u1ea3 l\u1eddi v\u1ec1 s\u1ef1 s\u1eb5n c\u00f3 c\u1ee7a c\u00e1c trang web \u0111\u00f3 v\u00e0 c\u00e1c ngu\u1ed3n b\u00ean ngo\u00e0i, c\u0169ng nh\u01b0 kh\u00f4ng \u0111\u1ea3m b\u1ea3o \u0111i\u1ec1u \u0111\u00f3. N\u00f3 kh\u00f4ng ch\u1ecbu tr\u00e1ch nhi\u1ec7m v\u1ec1 b\u1ea5t k\u1ef3 thi\u1ec7t h\u1ea1i n\u00e0o, d\u01b0\u1edbi b\u1ea5t k\u1ef3 h\u00ecnh th\u1ee9c n\u00e0o, do n\u1ed9i dung c\u1ee7a c\u00e1c trang web n\u00e0y ho\u1eb7c c\u00e1c ngu\u1ed3n b\u00ean ngo\u00e0i, v\u00e0 \u0111\u1eb7c bi\u1ec7t l\u00e0 t\u1eeb th\u00f4ng tin, s\u1ea3n ph\u1ea9m ho\u1eb7c d\u1ecbch v\u1ee5 m\u00e0 h\u1ecd cung c\u1ea5p, ho\u1eb7c t\u1eeb b\u1ea5t k\u1ef3 vi\u1ec7c s\u1eed d\u1ee5ng n\u00e0o c\u00f3 th\u1ec3 \u0111\u01b0\u1ee3c t\u1ea1o ra t\u1eeb c\u00e1c y\u1ebfu t\u1ed1 n\u00e0y. Nh\u1eefng r\u1ee7i ro li\u00ean quan \u0111\u1ebfn vi\u1ec7c s\u1eed d\u1ee5ng n\u00e0y ho\u00e0n to\u00e0n do ng\u01b0\u1eddi s\u1eed d\u1ee5ng Internet ch\u1ecbu tr\u00e1ch nhi\u1ec7m, h\u1ecd ph\u1ea3i tu\u00e2n th\u1ee7 c\u00e1c \u0111i\u1ec1u ki\u1ec7n s\u1eed d\u1ee5ng c\u1ee7a h\u1ecd.<\/p><p>Ng\u01b0\u1eddi d\u00f9ng, ng\u01b0\u1eddi \u0111\u0103ng k\u00fd v\u00e0 kh\u00e1ch truy c\u1eadp v\u00e0o c\u00e1c trang web c\u1ee7a kh\u00f4ng \u0111\u01b0\u1ee3c thi\u1ebft l\u1eadp m\u1ed9t si\u00eau li\u00ean k\u1ebft \u0111\u1ebfn trang web n\u00e0y m\u00e0 kh\u00f4ng c\u00f3 s\u1ef1 cho ph\u00e9p tr\u01b0\u1edbc v\u00e0 r\u00f5 r\u00e0ng c\u1ee7a Ch\u01b0\u01a1ng tr\u00ecnh \u0110\u00e0o t\u1ea1o K\u1ef9 s\u01b0 Xu\u1ea5t s\u1eafc t\u1ea1i Vi\u1ec7t Nam &amp;&amp;&amp;.<\/p><p>Trong tr\u01b0\u1eddng h\u1ee3p ng\u01b0\u1eddi d\u00f9ng ho\u1eb7c kh\u00e1ch truy c\u1eadp mu\u1ed1n thi\u1ebft l\u1eadp m\u1ed9t si\u00eau li\u00ean k\u1ebft \u0111\u1ebfn m\u1ed9t trong c\u00e1c trang web c\u1ee7a Ch\u01b0\u01a1ng tr\u00ecnh \u0110\u00e0o t\u1ea1o K\u1ef9 s\u01b0 Xu\u1ea5t s\u1eafc t\u1ea1i Vi\u1ec7t Nam &amp;&amp;&amp;, h\u1ecd s\u1ebd t\u00f9y thu\u1ed9c v\u00e0o vi\u1ec7c g\u1eedi m\u1ed9t email c\u00f3 th\u1ec3 truy c\u1eadp tr\u00ean trang web \u0111\u1ec3 \u0111\u01b0a ra y\u00eau c\u1ea7u c\u1ee7a h\u1ecd. \u0111\u1ec3 thi\u1ebft l\u1eadp m\u1ed9t si\u00eau k\u1ebft n\u1ed1i. Ch\u01b0\u01a1ng tr\u00ecnh \u0111\u00e0o t\u1ea1o k\u1ef9 s\u01b0 xu\u1ea5t s\u1eafc t\u1ea1i Vi\u1ec7t Nam c\u00f3 quy\u1ec1n ch\u1ea5p nh\u1eadn ho\u1eb7c t\u1eeb ch\u1ed1i m\u1ed9t si\u00eau li\u00ean k\u1ebft m\u00e0 kh\u00f4ng c\u1ea7n ph\u1ea3i bi\u1ec7n minh cho quy\u1ebft \u0111\u1ecbnh c\u1ee7a m\u00ecnh.<\/p><p style=\"color: #b51a00;\"><span style=\"color: #000000;\"><b>C\u00e1c d\u1ecbch v\u1ee5 \u0111\u01b0\u1ee3c cung c\u1ea5p: <\/b><\/span><\/p><p style=\"color: #323333;\">T\u1ea5t c\u1ea3 c\u00e1c ho\u1ea1t \u0111\u1ed9ng v\u00e0 th\u00f4ng tin \u0111\u01b0\u1ee3c tr\u00ecnh b\u00e0y tr\u00ean trang web <a href=\"https:\/\/pfiev.org\/\">dev.cerfalunettes.fr\/Pfeiv\/<\/a> c\u1ee7a ch\u00fang t\u00f4i.<\/p><p style=\"color: #323333;\">Ch\u01b0\u01a1ng tr\u00ecnh \u0110\u00e0o t\u1ea1o K\u1ef9 s\u01b0 Xu\u1ea5t s\u1eafc t\u1ea1i Vi\u1ec7t Nam c\u1ed1 g\u1eafng cung c\u1ea5p cho trang web dev.cerfalunettes.fr\/Pfeiv\/ nh\u1eefng th\u00f4ng tin ch\u00ednh x\u00e1c nh\u1ea5t c\u00f3 th\u1ec3. th\u00f4ng tin tr\u00ean trang <a href=\"https:\/\/pfiev.org\/\">dev.cerfalunettes.fr\/Pfeiv\/<\/a> kh\u00f4ng \u0111\u1ea7y \u0111\u1ee7 v\u00e0 \u1ea3nh kh\u00f4ng c\u00f3 h\u1ee3p \u0111\u1ed3ng. Ch\u00fang \u0111\u01b0\u1ee3c cung c\u1ea5p t\u00f9y thu\u1ed9c v\u00e0o c\u00e1c s\u1eeda \u0111\u1ed5i \u0111\u00e3 \u0111\u01b0\u1ee3c th\u1ef1c hi\u1ec7n k\u1ec3 t\u1eeb khi ch\u00fang \u0111\u01b0\u1ee3c \u0111\u01b0a l\u00ean m\u1ea1ng. Ngo\u00e0i ra, t\u1ea5t c\u1ea3 th\u00f4ng tin \u0111\u01b0\u1ee3c ch\u1ec9 ra tr\u00ean trang dev.cerfalunettes.fr\/Pfeiv\/<b> <\/b>ch\u1ec9 \u0111\u01b0\u1ee3c cung c\u1ea5p \u0111\u1ec3 cung c\u1ea5p th\u00f4ng tin v\u00e0 c\u00f3 th\u1ec3 thay \u0111\u1ed5i ho\u1eb7c ph\u00e1t tri\u1ec3n m\u00e0 kh\u00f4ng c\u1ea7n th\u00f4ng b\u00e1o.<\/p><p style=\"color: #b51a00;\"><span style=\"color: #000000;\"><b>Gi\u1edbi h\u1ea1n h\u1ee3p \u0111\u1ed3ng v\u1ec1 d\u1eef li\u1ec7u: <\/b><\/span><\/p><p>Th\u00f4ng tin c\u00f3 tr\u00ean trang web n\u00e0y c\u00e0ng ch\u00ednh x\u00e1c c\u00e0ng t\u1ed1t v\u00e0 trang web \u0111\u01b0\u1ee3c c\u1eadp nh\u1eadt v\u00e0o c\u00e1c th\u1eddi \u0111i\u1ec3m kh\u00e1c nhau trong n\u0103m, tuy nhi\u00ean, c\u00f3 th\u1ec3 c\u00f3 nh\u1eefng \u0111i\u1ec3m kh\u00f4ng ch\u00ednh x\u00e1c ho\u1eb7c thi\u1ebfu s\u00f3t. N\u1ebfu b\u1ea1n nh\u1eadn th\u1ea5y l\u1ed7 h\u1ed5ng, l\u1ed7i ho\u1eb7c nh\u1eefng g\u00ec c\u00f3 v\u1ebb l\u00e0 tr\u1ee5c tr\u1eb7c, vui l\u00f2ng b\u00e1o c\u00e1o s\u1ef1 c\u1ed1 qua email, t\u1edbi \u0111\u1ecba ch\u1ec9 contact@agencecerf.com, m\u00f4 t\u1ea3 s\u1ef1 c\u1ed1 c\u00e0ng ch\u00ednh x\u00e1c c\u00e0ng t\u1ed1t (trang g\u00e2y ra s\u1ef1 c\u1ed1, lo\u1ea1i m\u00e1y t\u00ednh v\u00e0 tr\u00ecnh duy\u1ec7t \u0111\u01b0\u1ee3c s\u1eed d\u1ee5ng, v\u00e2n v\u00e2n.).<\/p><p>B\u1ea5t k\u1ef3 n\u1ed9i dung t\u1ea3i xu\u1ed1ng n\u00e0o \u0111\u01b0\u1ee3c th\u1ef1c hi\u1ec7n v\u1edbi r\u1ee7i ro v\u00e0 s\u1ef1 nguy hi\u1ec3m c\u1ee7a ng\u01b0\u1eddi d\u00f9ng v\u00e0 ch\u1ecbu tr\u00e1ch nhi\u1ec7m duy nh\u1ea5t c\u1ee7a anh ta. Do \u0111\u00f3, kh\u00f4ng th\u1ec3 ch\u1ecbu tr\u00e1ch nhi\u1ec7m cho b\u1ea5t k\u1ef3 thi\u1ec7t h\u1ea1i n\u00e0o do m\u00e1y t\u00ednh c\u1ee7a ng\u01b0\u1eddi d\u00f9ng ph\u1ea3i ch\u1ecbu ho\u1eb7c b\u1ea5t k\u1ef3 s\u1ef1 m\u1ea5t m\u00e1t d\u1eef li\u1ec7u n\u00e0o do t\u1ea3i xu\u1ed1ng. <span style=\"color: #323333;\">Ngo\u00e0i ra, ng\u01b0\u1eddi s\u1eed d\u1ee5ng trang web \u0111\u1ed3ng \u00fd truy c\u1eadp trang web b\u1eb1ng thi\u1ebft b\u1ecb g\u1ea7n \u0111\u00e2y, kh\u00f4ng ch\u1ee9a vi-r\u00fat v\u00e0 b\u1eb1ng tr\u00ecnh duy\u1ec7t th\u1ebf h\u1ec7 m\u1edbi nh\u1ea5t \u0111\u01b0\u1ee3c c\u1eadp nh\u1eadt.<\/span><\/p><p>C\u00e1c li\u00ean k\u1ebft si\u00eau v\u0103n b\u1ea3n \u0111\u01b0\u1ee3c thi\u1ebft l\u1eadp trong khu\u00f4n kh\u1ed5 trang web n\u00e0y theo h\u01b0\u1edbng c\u1ee7a c\u00e1c ngu\u1ed3n t\u00e0i nguy\u00ean kh\u00e1c hi\u1ec7n c\u00f3 tr\u00ean m\u1ea1ng Internet kh\u00f4ng th\u1ec3 tham gia v\u00e0o tr\u00e1ch nhi\u1ec7m c\u1ee7a Ch\u01b0\u01a1ng tr\u00ecnh \u0110\u00e0o t\u1ea1o K\u1ef9 s\u01b0 Xu\u1ea5t s\u1eafc t\u1ea1i Vi\u1ec7t Nam &amp;&amp;&amp;.<\/p><p style=\"color: #b51a00;\"><span style=\"color: #000000;\"><b>S\u1edf h\u1eefu tr\u00ed tu\u1ec7:<\/b><\/span><\/p><p>T\u1ea5t c\u1ea3 n\u1ed9i dung c\u00f3 tr\u00ean trang web <a href=\"https:\/\/pfiev.org\/\">dev.cerfalunettes.fr\/Pfeiv\/<\/a>, bao g\u1ed3m, nh\u01b0ng kh\u00f4ng gi\u1edbi h\u1ea1n, \u0111\u1ed3 h\u1ecda, h\u00ecnh \u1ea3nh, v\u0103n b\u1ea3n, video, ho\u1ea1t \u1ea3nh, \u00e2m thanh, bi\u1ec3u tr\u01b0ng, gif v\u00e0 bi\u1ec3u t\u01b0\u1ee3ng c\u0169ng nh\u01b0 \u0111\u1ecbnh d\u1ea1ng c\u1ee7a ch\u00fang l\u00e0 t\u00e0i s\u1ea3n \u0111\u1ed9c quy\u1ec1n c\u1ee7a Program de Formation d&#8217;Ing\u00e9nieurs d&#8217;Excellence au Vietnam \u00e0 v\u1edbi ngo\u1ea1i l\u1ec7 c\u1ee7a nh\u00e3n hi\u1ec7u, bi\u1ec3u t\u01b0\u1ee3ng ho\u1eb7c n\u1ed9i dung thu\u1ed9c v\u1ec1 c\u00e1c c\u00f4ng ty \u0111\u1ed1i t\u00e1c ho\u1eb7c t\u00e1c gi\u1ea3 kh\u00e1c.<\/p><p>Nghi\u00eam c\u1ea5m m\u1ecdi s\u1ef1 sao ch\u00e9p, ph\u00e2n ph\u1ed1i, s\u1eeda \u0111\u1ed5i, ph\u00f3ng t\u00e1c, truy\u1ec1n l\u1ea1i ho\u1eb7c xu\u1ea5t b\u1ea3n, th\u1eadm ch\u00ed m\u1ed9t ph\u1ea7n, c\u1ee7a c\u00e1c y\u1ebfu t\u1ed1 kh\u00e1c nhau n\u00e0y n\u1ebfu kh\u00f4ng c\u00f3 s\u1ef1 \u0111\u1ed3ng \u00fd r\u00f5 r\u00e0ng b\u1eb1ng v\u0103n b\u1ea3n c\u1ee7a Ch\u01b0\u01a1ng tr\u00ecnh \u0110\u00e0o t\u1ea1o K\u1ef9 s\u01b0 Xu\u1ea5t s\u1eafc t\u1ea1i Vi\u1ec7t Nam &amp;&amp;&amp;. Vi\u1ec7c tr\u00ecnh b\u00e0y ho\u1eb7c sao ch\u00e9p n\u00e0y, b\u1eb1ng b\u1ea5t k\u1ef3 ph\u01b0\u01a1ng ti\u1ec7n n\u00e0o, \u0111\u1ec1u c\u1ea5u th\u00e0nh h\u00e0nh vi vi ph\u1ea1m b\u1ecb tr\u1eebng ph\u1ea1t theo c\u00e1c \u0111i\u1ec1u L.335-2 v\u00e0 c\u00e1c \u0111i\u1ec1u kho\u1ea3n sau c\u1ee7a B\u1ed9 lu\u1eadt S\u1edf h\u1eefu tr\u00ed tu\u1ec7. Vi\u1ec7c kh\u00f4ng tu\u00e2n th\u1ee7 \u0111i\u1ec1u c\u1ea5m n\u00e0y c\u1ea5u th\u00e0nh m\u1ed9t h\u00e0nh vi vi ph\u1ea1m c\u00f3 th\u1ec3 ph\u1ea3i ch\u1ecbu tr\u00e1ch nhi\u1ec7m d\u00e2n s\u1ef1 v\u00e0 h\u00ecnh s\u1ef1 \u0111\u1ed1i v\u1edbi ng\u01b0\u1eddi l\u00e0m h\u00e0ng gi\u1ea3. Ngo\u00e0i ra, ch\u1ee7 s\u1edf h\u1eefu c\u1ee7a N\u1ed9i dung \u0111\u01b0\u1ee3c sao ch\u00e9p c\u00f3 th\u1ec3 kh\u1edfi ki\u1ec7n b\u1ea1n.<\/p><p style=\"color: #b51a00;\"><span style=\"color: #000000;\"><b>Khai b\u00e1o v\u1edbi CNIL: <\/b><\/span><\/p><p>Theo lu\u1eadt s\u1ed1 78-17 ng\u00e0y 6 th\u00e1ng 1 n\u0103m 1978 (\u0111\u01b0\u1ee3c s\u1eeda \u0111\u1ed5i b\u1edfi lu\u1eadt 2004-801 ng\u00e0y 6 th\u00e1ng 8 n\u0103m 2004 v\u1ec1 b\u1ea3o v\u1ec7 c\u00e1 nh\u00e2n li\u00ean quan \u0111\u1ebfn vi\u1ec7c x\u1eed l\u00fd d\u1eef li\u1ec7u c\u00e1 nh\u00e2n) li\u00ean quan \u0111\u1ebfn m\u00e1y t\u00ednh, t\u1ec7p v\u00e0 quy\u1ec1n t\u1ef1 do, trang web n\u00e0y kh\u00f4ng \u0111\u00e3 \u0111\u01b0\u1ee3c tuy\u00ean b\u1ed1 cho \u1ee6y ban Qu\u1ed1c gia v\u1ec1 M\u00e1y t\u00ednh v\u00e0 Quy\u1ec1n t\u1ef1 do (<a href=\"http:\/\/www.cnil.fr\/\" target=\"_blank\" rel=\"noopener\">www.cnil.fr<\/a> ).<\/p><p style=\"color: #b51a00;\"><span style=\"color: #000000;\"><b>Tranh ch\u1ea5p: <\/b><\/span><\/p><p>C\u00e1c \u0111i\u1ec1u ki\u1ec7n hi\u1ec7n t\u1ea1i c\u1ee7a trang <a href=\"https:\/\/pfiev.org\/\">dev.cerfalunettes.fr\/Pfeiv\/<\/a> \u0111\u01b0\u1ee3c \u0111i\u1ec1u ch\u1ec9nh b\u1edfi lu\u1eadt ph\u00e1p c\u1ee7a Ph\u00e1p v\u00e0 b\u1ea5t k\u1ef3 tranh ch\u1ea5p ho\u1eb7c ki\u1ec7n t\u1ee5ng n\u00e0o c\u00f3 th\u1ec3 ph\u00e1t sinh t\u1eeb vi\u1ec7c gi\u1ea3i th\u00edch ho\u1eb7c th\u1ef1c hi\u1ec7n c\u00e1c \u0111i\u1ec1u ki\u1ec7n n\u00e0y s\u1ebd l\u00e0 quy\u1ec1n t\u00e0i ph\u00e1n duy nh\u1ea5t c\u1ee7a t\u00f2a \u00e1n. Ng\u00f4n ng\u1eef tham chi\u1ebfu \u0111\u1ec3 gi\u1ea3i quy\u1ebft b\u1ea5t k\u1ef3 tranh ch\u1ea5p n\u00e0o l\u00e0 ti\u1ebfng Ph\u00e1p.<\/p><p style=\"color: #b51a00;\"><span style=\"color: #000000;\"><b>D\u1eef li\u1ec7u c\u00e1 nh\u00e2n :<\/b><\/span><\/p><p>N\u00f3i chung, b\u1ea1n kh\u00f4ng b\u1eaft bu\u1ed9c ph\u1ea3i cung c\u1ea5p cho ch\u00fang t\u00f4i d\u1eef li\u1ec7u c\u00e1 nh\u00e2n c\u1ee7a b\u1ea1n khi b\u1ea1n truy c\u1eadp trang web <a href=\"https:\/\/pfiev.org\/\">dev.cerfalunettes.fr\/Pfeiv\/<\/a> c\u1ee7a ch\u00fang t\u00f4i.<\/p><p>Tuy nhi\u00ean, nguy\u00ean t\u1eafc n\u00e0y c\u00f3 m\u1ed9t s\u1ed1 ngo\u1ea1i l\u1ec7 nh\u1ea5t \u0111\u1ecbnh. Th\u1eadt v\u1eady, \u0111\u1ed1i v\u1edbi m\u1ed9t s\u1ed1 d\u1ecbch v\u1ee5 do trang web c\u1ee7a ch\u00fang t\u00f4i cung c\u1ea5p, b\u1ea1n c\u00f3 th\u1ec3 \u0111\u01b0\u1ee3c y\u00eau c\u1ea7u cung c\u1ea5p cho ch\u00fang t\u00f4i m\u1ed9t s\u1ed1 d\u1eef li\u1ec7u nh\u1ea5t \u0111\u1ecbnh nh\u01b0: t\u00ean c\u1ee7a b\u1ea1n, ch\u1ee9c v\u1ee5 c\u1ee7a b\u1ea1n, t\u00ean c\u00f4ng ty c\u1ee7a b\u1ea1n, \u0111\u1ecba ch\u1ec9 e-mail v\u00e0 s\u1ed1 \u0111i\u1ec7n tho\u1ea1i c\u1ee7a b\u1ea1n. \u0110\u00e2y l\u00e0 tr\u01b0\u1eddng h\u1ee3p khi b\u1ea1n ho\u00e0n th\u00e0nh bi\u1ec3u m\u1eabu \u0111\u01b0\u1ee3c cung c\u1ea5p cho b\u1ea1n tr\u1ef1c tuy\u1ebfn, trong ph\u1ea7n &#8220;li\u00ean h\u1ec7&#8221;. Trong m\u1ecdi tr\u01b0\u1eddng h\u1ee3p, b\u1ea1n c\u00f3 th\u1ec3 t\u1eeb ch\u1ed1i cung c\u1ea5p d\u1eef li\u1ec7u c\u00e1 nh\u00e2n c\u1ee7a m\u00ecnh. Trong tr\u01b0\u1eddng h\u1ee3p n\u00e0y, b\u1ea1n s\u1ebd kh\u00f4ng th\u1ec3 s\u1eed d\u1ee5ng c\u00e1c d\u1ecbch v\u1ee5 c\u1ee7a trang web, \u0111\u1eb7c bi\u1ec7t l\u00e0 d\u1ecbch v\u1ee5 y\u00eau c\u1ea7u th\u00f4ng tin v\u1ec1 c\u00e1c ho\u1ea1t \u0111\u1ed9ng c\u1ee7a ch\u00fang t\u00f4i, ho\u1eb7c nh\u1eadn b\u1ea3n tin.<\/p><p>Cu\u1ed1i c\u00f9ng, ch\u00fang t\u00f4i c\u00f3 th\u1ec3 t\u1ef1 \u0111\u1ed9ng thu th\u1eadp m\u1ed9t s\u1ed1 th\u00f4ng tin nh\u1ea5t \u0111\u1ecbnh v\u1ec1 b\u1ea1n khi ch\u1ec9 c\u1ea7n duy\u1ec7t trang web c\u1ee7a ch\u00fang t\u00f4i, c\u1ee5 th\u1ec3 l\u00e0: th\u00f4ng tin v\u1ec1 vi\u1ec7c s\u1eed d\u1ee5ng trang web c\u1ee7a ch\u00fang t\u00f4i, ch\u1eb3ng h\u1ea1n nh\u01b0 c\u00e1c khu v\u1ef1c b\u1ea1n truy c\u1eadp v\u00e0 c\u00e1c d\u1ecbch v\u1ee5 b\u1ea1n truy c\u1eadp, \u0111\u1ecba ch\u1ec9 IP c\u1ee7a b\u1ea1n, lo\u1ea1i tr\u00ecnh duy\u1ec7t c\u1ee7a b\u1ea1n, th\u1eddi gian truy c\u1eadp. Th\u00f4ng tin n\u00e0y \u0111\u01b0\u1ee3c s\u1eed d\u1ee5ng ri\u00eang cho c\u00e1c m\u1ee5c \u0111\u00edch th\u1ed1ng k\u00ea n\u1ed9i b\u1ed9 \u0111\u1ec3 c\u1ea3i thi\u1ec7n ch\u1ea5t l\u01b0\u1ee3ng c\u1ee7a c\u00e1c d\u1ecbch v\u1ee5 \u0111\u01b0\u1ee3c cung c\u1ea5p cho b\u1ea1n. C\u01a1 s\u1edf d\u1eef li\u1ec7u \u0111\u01b0\u1ee3c b\u1ea3o v\u1ec7 b\u1edfi c\u00e1c quy \u0111\u1ecbnh c\u1ee7a ph\u00e1p lu\u1eadt ng\u00e0y 1 th\u00e1ng 7 n\u0103m 1998 chuy\u1ec3n ch\u1ec9 th\u1ecb 96\/9 ng\u00e0y 11 th\u00e1ng 3 n\u0103m 1996 li\u00ean quan \u0111\u1ebfn vi\u1ec7c b\u1ea3o v\u1ec7 h\u1ee3p ph\u00e1p c\u01a1 s\u1edf d\u1eef li\u1ec7u.<\/p>\t\t\t\t\t\t\t\t<\/div>\n\t\t\t\t<\/div>\n\t\t\t\t\t<\/div>\n\t\t<\/div>\n\t\t\t\t\t<\/div>\n\t\t<\/section>\n\t\t\t\t<\/div>\n\t\t","protected":false},"excerpt":{"rendered":"<p>Th\u00f4ng b\u00e1o ph\u00e1p l\u00fd Vui l\u00f2ng \u0111\u1ecdc k\u1ef9 c\u00e1c \u0111i\u1ec1u kho\u1ea3n s\u1eed d\u1ee5ng kh\u00e1c nhau c\u1ee7a trang web n\u00e0y tr\u01b0\u1edbc khi duy\u1ec7t c\u00e1c trang c\u1ee7a n\u00f3. B\u1eb1ng c\u00e1ch k\u1ebft n\u1ed1i v\u1edbi trang web n\u00e0y, b\u1ea1n ch\u1ea5p nh\u1eadn c\u00e1c \u0111i\u1ec1u kho\u1ea3n v\u00e0 \u0111i\u1ec1u ki\u1ec7n n\u00e0y m\u1ed9t c\u00e1ch ch\u1eafc ch\u1eafn. Ngo\u00e0i ra, theo \u0111i\u1ec1u kho\u1ea3n 6 c\u1ee7a [&hellip;]<\/p>\n","protected":false},"author":4,"featured_media":0,"parent":0,"menu_order":0,"comment_status":"closed","ping_status":"closed","template":"","meta":{"footnotes":""},"class_list":["post-1825","page","type-page","status-publish","hentry"],"_links":{"self":[{"href":"https:\/\/pfiev.org\/vi\/wp-json\/wp\/v2\/pages\/1825","targetHints":{"allow":["GET"]}}],"collection":[{"href":"https:\/\/pfiev.org\/vi\/wp-json\/wp\/v2\/pages"}],"about":[{"href":"https:\/\/pfiev.org\/vi\/wp-json\/wp\/v2\/types\/page"}],"author":[{"embeddable":true,"href":"https:\/\/pfiev.org\/vi\/wp-json\/wp\/v2\/users\/4"}],"replies":[{"embeddable":true,"href":"https:\/\/pfiev.org\/vi\/wp-json\/wp\/v2\/comments?post=1825"}],"version-history":[{"count":6,"href":"https:\/\/pfiev.org\/vi\/wp-json\/wp\/v2\/pages\/1825\/revisions"}],"predecessor-version":[{"id":1987,"href":"https:\/\/pfiev.org\/vi\/wp-json\/wp\/v2\/pages\/1825\/revisions\/1987"}],"wp:attachment":[{"href":"https:\/\/pfiev.org\/vi\/wp-json\/wp\/v2\/media?parent=1825"}],"curies":[{"name":"wp","href":"https:\/\/api.w.org\/{rel}","templated":true}]}}