{"id":1824,"date":"2022-05-16T14:26:10","date_gmt":"2022-05-16T12:26:10","guid":{"rendered":"https:\/\/dev.cerfalunettes.fr\/Pfeiv\/privacy-policy\/"},"modified":"2022-05-17T10:50:18","modified_gmt":"2022-05-17T08:50:18","slug":"privacy-policy","status":"publish","type":"page","link":"https:\/\/pfiev.org\/en\/privacy-policy\/","title":{"rendered":"Legal Notice"},"content":{"rendered":"\t\t<div data-elementor-type=\"wp-page\" data-elementor-id=\"1824\" class=\"elementor elementor-1824 elementor-1822\" data-elementor-post-type=\"page\">\n\t\t\t\t\t\t<section class=\"elementor-section elementor-top-section elementor-element elementor-element-38bd8a27 elementor-section-boxed elementor-section-height-default elementor-section-height-default\" data-id=\"38bd8a27\" data-element_type=\"section\" data-e-type=\"section\" data-settings=\"{&quot;jet_parallax_layout_list&quot;:[{&quot;jet_parallax_layout_image&quot;:{&quot;url&quot;:&quot;&quot;,&quot;id&quot;:&quot;&quot;,&quot;size&quot;:&quot;&quot;},&quot;_id&quot;:&quot;b7d1ac3&quot;,&quot;jet_parallax_layout_image_tablet&quot;:{&quot;url&quot;:&quot;&quot;,&quot;id&quot;:&quot;&quot;,&quot;size&quot;:&quot;&quot;},&quot;jet_parallax_layout_image_mobile&quot;:{&quot;url&quot;:&quot;&quot;,&quot;id&quot;:&quot;&quot;,&quot;size&quot;:&quot;&quot;},&quot;jet_parallax_layout_speed&quot;:{&quot;unit&quot;:&quot;%&quot;,&quot;size&quot;:50,&quot;sizes&quot;:[]},&quot;jet_parallax_layout_type&quot;:&quot;scroll&quot;,&quot;jet_parallax_layout_direction&quot;:&quot;1&quot;,&quot;jet_parallax_layout_fx_direction&quot;:null,&quot;jet_parallax_layout_z_index&quot;:&quot;&quot;,&quot;jet_parallax_layout_bg_x&quot;:50,&quot;jet_parallax_layout_bg_x_tablet&quot;:&quot;&quot;,&quot;jet_parallax_layout_bg_x_mobile&quot;:&quot;&quot;,&quot;jet_parallax_layout_bg_y&quot;:50,&quot;jet_parallax_layout_bg_y_tablet&quot;:&quot;&quot;,&quot;jet_parallax_layout_bg_y_mobile&quot;:&quot;&quot;,&quot;jet_parallax_layout_bg_size&quot;:&quot;auto&quot;,&quot;jet_parallax_layout_bg_size_tablet&quot;:&quot;&quot;,&quot;jet_parallax_layout_bg_size_mobile&quot;:&quot;&quot;,&quot;jet_parallax_layout_animation_prop&quot;:&quot;transform&quot;,&quot;jet_parallax_layout_on&quot;:[&quot;desktop&quot;,&quot;tablet&quot;]}]}\">\n\t\t\t\t\t\t<div class=\"elementor-container elementor-column-gap-default\">\n\t\t\t\t\t<div class=\"elementor-column elementor-col-100 elementor-top-column elementor-element elementor-element-1b66275b\" data-id=\"1b66275b\" data-element_type=\"column\" data-e-type=\"column\">\n\t\t\t<div class=\"elementor-widget-wrap elementor-element-populated\">\n\t\t\t\t\t\t<div class=\"elementor-element elementor-element-3f173c6c elementor-widget elementor-widget-text-editor\" data-id=\"3f173c6c\" data-element_type=\"widget\" data-e-type=\"widget\" data-widget_type=\"text-editor.default\">\n\t\t\t\t<div class=\"elementor-widget-container\">\n\t\t\t\t\t\t\t\t\t<h1>Legal Notice<\/h1>\nPlease read carefully the different terms of use of this site before browsing its pages. By connecting to this site, you unreservedly accept these terms and conditions. Also, in accordance with article n\u00b06 of Law n\u00b02004-575 of June 21, 2004 for confidence in the digital economy, the managers of this website <a href=\"https:\/\/pfiev.org\/\">dev.cerfalunettes.fr\/Pfeiv\/<\/a> are:\n<p style=\"color: #b51a00;\"><span style=\"color: #000000;\"><b>Site editor: <\/b><\/span><\/p>\nName: Vietnam Excellence Engineers Training Program\n46 Av. Felix Viallet, 38031 Grenoble\nEmail: contact@agencecerf.com\nWebsite: <a href=\"https:\/\/pfiev.org\/\">dev.cerfalunettes.fr\/Pfeiv\/<\/a>\n<p style=\"color: #b51a00;\"><b><span style=\"color: #000000;\">Accommodation:<\/span> <\/b><\/p>\nHost: OVH\n2 rue Kellermann &#8211; 59100 Roubaix &#8211; France\nWebsite: <a href=\"http:\/\/www.ovhcloud.com\" target=\"_blank\" rel=\"noopener\">www.ovhcloud.com<\/a>\n<p style=\"color: #b51a00;\"><span style=\"color: #000000;\"><b>Development<\/b> <b>:<\/b> <\/span><\/p>\nSpectacled Deer\nAddress: 5 Rue des Arts et M\u00e9tiers, 38000 Grenoble\nWebsite: <a href=\"http:\/\/creation-site-web-grenoble.fr\" target=\"_blank\" rel=\"noopener\">creation-site-web-grenoble.fr<\/a>\n<p style=\"color: #b51a00;\"><span style=\"color: #000000;\"><b>Terms of use : <\/b><\/span><\/p>\nThis site ( <a href=\"https:\/\/pfiev.org\/\">dev.cerfalunettes.fr\/Pfeiv\/<\/a> ) is offered in different web languages (HTML, HTML5, Javascript, CSS, etc.) for better user comfort and more pleasant graphics, we recommend that you use modern browsers like Internet Explorer, Safari, Firefox, Google Chrome, etc.\nThe legal notices have been generated on the site <a title=\"g\u00e9n\u00e9rateur de mentions l\u00e9gales pour site internet gratuit\" href=\"http:\/\/www.generateur-de-mentions-legales.com\" target=\"_blank\" rel=\"noopener\">Generator of legal notices<\/a> , offered by <a title=\"imprimerie paris, imprimeur paris\" href=\"http:\/\/welye.com\" target=\"_blank\" rel=\"noopener\">Welye<\/a> .\n\n<span style=\"color: #323333;\">Training Program for Engineers of Excellence in Vietnam<b> <\/b><\/span>implements all the means at its disposal to ensure reliable information and reliable updating of its websites. However, errors or omissions may occur. The user must therefore ensure the accuracy of the information with , and report any changes to the site that he or she deems useful. is in no way responsible for the use made of this information, and for any direct or indirect damage that may result.\n\n<b>Cookies<\/b> : The <a href=\"https:\/\/pfiev.org\/\">dev.cerfalunettes.fr\/Pfeiv\/<\/a> site may ask you to accept cookies for statistical and display purposes. A cookie is information placed on your hard drive by the server of the site you are visiting. It contains several pieces of data that are stored on your computer in a simple text file that a server accesses to read and save information. Certain parts of this site cannot be functional without the acceptance of cookies.\n\n<b>Hypertext links:<\/b> The websites of may offer links to other websites or other resources available on the Internet. Excellence Engineers Training Program in Vietnam has no means to control the sites in connection with its websites. does not answer for the availability of such sites and external sources, nor does it guarantee it. It cannot be held responsible for any damage, of any nature whatsoever, resulting from the content of these sites or external sources, and in particular from the information, products or services they offer, or from any use that may be made of these elements. The risks associated with this use are entirely the responsibility of the Internet user, who must comply with their conditions of use.\n\nUsers, subscribers and visitors to the websites of may not set up a hyperlink to this site without the express and prior authorization of the Training Program for Excellence Engineers in Vietnam &amp;&amp;&amp;.\n\nIn the event that a user or visitor wishes to set up a hyperlink to one of the websites of the Excellence Engineering Training Program in Vietnam &amp;&amp;&amp;, it will be up to him to send an email accessible on the site in order to to formulate its request for setting up a hyperlink. Excellence Engineers Training Program in Vietnam reserves the right to accept or refuse a hyperlink without having to justify its decision.\n<p style=\"color: #b51a00;\"><span style=\"color: #000000;\"><b>Services provided: <\/b><\/span><\/p>\n&nbsp;\n<p style=\"color: #323333;\">All activities and information are presented on our website <a href=\"https:\/\/pfiev.org\/\">dev.cerfalunettes.fr\/Pfeiv\/<\/a> .<\/p>\n&nbsp;\n<p style=\"color: #323333;\">Excellence Engineers Training Program in Vietnam strives to provide the dev.cerfalunettes.fr\/Pfeiv\/ website with information that is as accurate as possible. the information on the <a href=\"https:\/\/pfiev.org\/\">dev.cerfalunettes.fr\/Pfeiv\/<\/a> site is not exhaustive and the photos are not contractual. They are given subject to modifications having been made since they were put online. In addition, all the information indicated on the site dev.cerfalunettes.fr\/Pfeiv\/<b> <\/b>are given for information only, and are liable to change or evolve without notice.<\/p>\n&nbsp;\n<p style=\"color: #b51a00;\"><span style=\"color: #000000;\"><b>Contractual limitations on data: <\/b><\/span><\/p>\nThe information contained on this site is as precise as possible and the site updated at different times of the year, but may however contain inaccuracies or omissions. If you notice a gap, error or what appears to be a malfunction, please report it by email, to the address contact@agencecerf.com, describing the problem as precisely as possible (page causing the problem, type of computer and browser used, etc.).\n\nAny downloaded content is done at the risk and peril of the user and under his sole responsibility. Consequently, can not be held responsible for any damage suffered by the user&#8217;s computer or any loss of data resulting from the download. <span style=\"color: #323333;\">In addition, the user of the site agrees to access the site using recent equipment, not containing viruses and with an updated latest generation browser.<\/span>\n\nThe hypertext links set up within the framework of this website in the direction of other resources present on the Internet network cannot engage the responsibility of the Training Program for Engineers of Excellence in Vietnam &amp;&amp;&amp;.\n<p style=\"color: #b51a00;\"><span style=\"color: #000000;\"><b>Intellectual property :<\/b><\/span><\/p>\nAll content present on the site <a href=\"https:\/\/pfiev.org\/\">dev.cerfalunettes.fr\/Pfeiv\/<\/a>, including, but not limited to, the graphics, images, text, videos, animations, sounds, logos, gifs and icons as well as their formatting are the exclusive property of the Program de Formation d&#8217;Ing\u00e9nieurs d&#8217;Excellence au Vietnam \u00e0 with the exception of trademarks, logos or content belonging to other partner companies or authors.\n\nAny reproduction, distribution, modification, adaptation, retransmission or publication, even partial, of these various elements is strictly prohibited without the express written consent of the Training Program for Excellence Engineers in Vietnam &amp;&amp;&amp;. This representation or reproduction, by any means whatsoever, constitutes an infringement punishable by articles L.335-2 and following of the Intellectual Property Code. Failure to comply with this prohibition constitutes an infringement which may engage the civil and criminal liability of the counterfeiter. In addition, the owners of the copied Content may take legal action against you.\n<p style=\"color: #b51a00;\"><span style=\"color: #000000;\"><b>Declaration to the CNIL: <\/b><\/span><\/p>\nIn accordance with law 78-17 of January 6, 1978 (amended by law 2004-801 of August 6, 2004 on the protection of individuals with regard to the processing of personal data) relating to computers, files and freedoms, this site has not been declared to the National Commission for Computing and Freedoms (<a href=\"http:\/\/www.cnil.fr\/\" target=\"_blank\" rel=\"noopener\">www.cnil.fr<\/a> ).\n<p style=\"color: #b51a00;\"><span style=\"color: #000000;\"><b>Disputes: <\/b><\/span><\/p>\nThe present conditions of the <a href=\"https:\/\/pfiev.org\/\">dev.cerfalunettes.fr\/Pfeiv\/<\/a> site are governed by French law and any dispute or litigation that may arise from the interpretation or execution of these will be the exclusive jurisdiction of the courts. The reference language for the settlement of any disputes is French.\n<p style=\"color: #b51a00;\"><span style=\"color: #000000;\"><b>Personal data :<\/b><\/span><\/p>\nIn general, you are not required to provide us with your personal data when you visit our website <a href=\"https:\/\/pfiev.org\/\">dev.cerfalunettes.fr\/Pfeiv\/<\/a> .\n\nHowever, this principle has certain exceptions. Indeed, for certain services offered by our site, you may be required to provide us with certain data such as: your name, your position, the name of your company, your e-mail address, and your telephone number. This is the case when you complete the form offered to you online, in the \u201ccontact\u201d section. In any case, you can refuse to provide your personal data. In this case, you will not be able to use the services of the site, in particular that of requesting information on our activities, or of receiving newsletters.\n\nFinally, we may automatically collect certain information about you when simply browsing our website, in particular: information about the use of our site, such as the areas you visit and the services you access, your address IP, the type of your browser, your access times. Such information is used exclusively for internal statistical purposes, so as to improve the quality of the services offered to you. The databases are protected by the provisions of the law of July 1, 1998 transposing directive 96\/9 of March 11, 1996 relating to the legal protection of databases.\t\t\t\t\t\t\t\t<\/div>\n\t\t\t\t<\/div>\n\t\t\t\t\t<\/div>\n\t\t<\/div>\n\t\t\t\t\t<\/div>\n\t\t<\/section>\n\t\t\t\t<\/div>\n\t\t","protected":false},"excerpt":{"rendered":"<p>Legal Notice Please read carefully the different terms of use of this site before browsing its pages. By connecting to this site, you unreservedly accept these terms and conditions. Also, in accordance with article n\u00b06 of Law n\u00b02004-575 of June 21, 2004 for confidence in the digital economy, the managers of this website dev.cerfalunettes.fr\/Pfeiv\/ are: [&hellip;]<\/p>\n","protected":false},"author":4,"featured_media":0,"parent":0,"menu_order":0,"comment_status":"closed","ping_status":"closed","template":"","meta":{"footnotes":""},"class_list":["post-1824","page","type-page","status-publish","hentry"],"_links":{"self":[{"href":"https:\/\/pfiev.org\/en\/wp-json\/wp\/v2\/pages\/1824","targetHints":{"allow":["GET"]}}],"collection":[{"href":"https:\/\/pfiev.org\/en\/wp-json\/wp\/v2\/pages"}],"about":[{"href":"https:\/\/pfiev.org\/en\/wp-json\/wp\/v2\/types\/page"}],"author":[{"embeddable":true,"href":"https:\/\/pfiev.org\/en\/wp-json\/wp\/v2\/users\/4"}],"replies":[{"embeddable":true,"href":"https:\/\/pfiev.org\/en\/wp-json\/wp\/v2\/comments?post=1824"}],"version-history":[{"count":6,"href":"https:\/\/pfiev.org\/en\/wp-json\/wp\/v2\/pages\/1824\/revisions"}],"predecessor-version":[{"id":1937,"href":"https:\/\/pfiev.org\/en\/wp-json\/wp\/v2\/pages\/1824\/revisions\/1937"}],"wp:attachment":[{"href":"https:\/\/pfiev.org\/en\/wp-json\/wp\/v2\/media?parent=1824"}],"curies":[{"name":"wp","href":"https:\/\/api.w.org\/{rel}","templated":true}]}}